{"id":94,"date":"2018-04-13T15:06:54","date_gmt":"2018-04-13T13:06:54","guid":{"rendered":"http:\/\/www.aws-anlagenbau.de\/wordpress\/?page_id=94"},"modified":"2023-03-11T02:47:07","modified_gmt":"2023-03-11T01:47:07","slug":"stellenangebote","status":"publish","type":"page","link":"https:\/\/www.aws-anlagenbau.de\/wordpress\/stellenangebote\/","title":{"rendered":"Stellenangebote"},"content":{"rendered":"<div class=\"fusion-fullwidth fullwidth-box fusion-builder-row-1 fusion-flex-container nonhundred-percent-fullwidth non-hundred-percent-height-scrolling\" style=\"--awb-border-radius-top-left:0px;--awb-border-radius-top-right:0px;--awb-border-radius-bottom-right:0px;--awb-border-radius-bottom-left:0px;--awb-flex-wrap:wrap;\" ><div class=\"fusion-builder-row fusion-row fusion-flex-align-items-flex-start fusion-flex-content-wrap\" style=\"max-width:1144px;margin-left: calc(-4% \/ 2 );margin-right: calc(-4% \/ 2 );\"><div class=\"fusion-layout-column fusion_builder_column fusion-builder-column-0 fusion_builder_column_1_1 1_1 fusion-flex-column\" style=\"--awb-bg-size:cover;--awb-width-large:100%;--awb-margin-top-large:0px;--awb-spacing-right-large:1.92%;--awb-margin-bottom-large:0px;--awb-spacing-left-large:1.92%;--awb-width-medium:100%;--awb-spacing-right-medium:1.92%;--awb-spacing-left-medium:1.92%;--awb-width-small:100%;--awb-spacing-right-small:1.92%;--awb-spacing-left-small:1.92%;\"><div class=\"fusion-column-wrapper fusion-flex-justify-content-flex-start fusion-content-layout-column\"><div class=\"fusion-text fusion-text-1 fusion-text-no-margin\" style=\"--awb-margin-bottom:20px;\"><h2 style=\"text-align: center;\"><span style=\"text-decoration: underline;\">Aktuelle Stellenangebote<\/span><\/h2>\n<\/div><div class=\"fusion-text fusion-text-2\"><p><strong>Zur Verst\u00e4rkung<\/strong> <strong>unseres leistungsf\u00e4higen Teams suchen wir per sofort in Vollzeit<\/strong>:<\/p>\n<p>Anlagenbauer \/ Rohrschlosser \/ Schwei\u00dfer\u00a0 (m\/w\/d)<\/p>\n<p><strong>Ihre Aufgaben:<\/strong><\/p>\n<ul>\n<li>fachgerechtes Schwei\u00dfen von Rohrleitungen und Anlagenteilen<\/li>\n<li>Neubau, Umbau und Sanierung\/Instandsetzung von Anlagen<\/li>\n<li>Aufbau und Montage von Anlagenteilen<\/li>\n<li>Fertigung von Bauteilen nach Zeichnung<\/li>\n<\/ul>\n<p><strong>Einsatzort:<\/strong><\/p>\n<p>Mecklenburg-Vorpommern, evtl. Montaget\u00e4tigkeit im norddeutschen Raum<\/p>\n<p><strong>Sie sollten mitbringen:<\/strong><\/p>\n<ul>\n<li>eine abgeschlossene Berufsausbildung<\/li>\n<li>Erfahrungen und Kenntnisse im Rohrleitungs- und Anlagenbau<\/li>\n<li>Schwei\u00dfkenntnisse WIG \/ MAG \u2013 vorzugsweise Edelstahl<\/li>\n<li>g\u00fcltige Schwei\u00dferp\u00e4sse w\u00e4ren w\u00fcnschenswert<\/li>\n<li>pers\u00f6nliches Engagement, Zuverl\u00e4ssigkeit, Flexibilit\u00e4t, Teamf\u00e4higkeit<\/li>\n<li>F\u00fchrerschein Klasse B<\/li>\n<\/ul>\n<p><strong>\u00a0<\/strong><\/p>\n<p><strong>Bitte senden Sie Ihre aussagef\u00e4higen Bewerbungsunterlagen an:<\/strong><\/p>\n<p>AWS Pumpen- und Anlagenbau GmbH<br \/>\nIndustriestrasse 11<br \/>\n18069 Rostock<\/p>\n<p>E-Mail: schoewe@aws-anlagenbau.de<\/p>\n<\/div><\/div><\/div><\/div><\/div>\n","protected":false},"excerpt":{"rendered":"","protected":false},"author":1,"featured_media":0,"parent":0,"menu_order":0,"comment_status":"closed","ping_status":"closed","template":"","meta":{"footnotes":""},"yoast_head":"<!-- This site is optimized with the Yoast SEO plugin v23.5 - https:\/\/yoast.com\/wordpress\/plugins\/seo\/ -->\n<title>Stellenangebote - AWS Anlagenbau GmbH<\/title>\n<meta name=\"robots\" content=\"index, follow, max-snippet:-1, max-image-preview:large, max-video-preview:-1\" \/>\n<link rel=\"canonical\" href=\"https:\/\/www.aws-anlagenbau.de\/wordpress\/stellenangebote\/\" \/>\n<meta property=\"og:locale\" content=\"de_DE\" \/>\n<meta property=\"og:type\" content=\"article\" \/>\n<meta property=\"og:title\" content=\"Stellenangebote - AWS Anlagenbau GmbH\" \/>\n<meta property=\"og:url\" content=\"https:\/\/www.aws-anlagenbau.de\/wordpress\/stellenangebote\/\" \/>\n<meta property=\"og:site_name\" content=\"AWS Anlagenbau GmbH\" \/>\n<meta property=\"article:modified_time\" content=\"2023-03-11T01:47:07+00:00\" \/>\n<meta name=\"twitter:card\" content=\"summary_large_image\" \/>\n<meta name=\"twitter:label1\" content=\"Gesch\u00e4tzte Lesezeit\" \/>\n\t<meta name=\"twitter:data1\" content=\"2\u00a0Minuten\" \/>\n<script type=\"application\/ld+json\" class=\"yoast-schema-graph\">{\"@context\":\"https:\/\/schema.org\",\"@graph\":[{\"@type\":\"WebPage\",\"@id\":\"https:\/\/www.aws-anlagenbau.de\/wordpress\/stellenangebote\/\",\"url\":\"https:\/\/www.aws-anlagenbau.de\/wordpress\/stellenangebote\/\",\"name\":\"Stellenangebote - AWS Anlagenbau GmbH\",\"isPartOf\":{\"@id\":\"https:\/\/www.aws-anlagenbau.de\/wordpress\/#website\"},\"datePublished\":\"2018-04-13T13:06:54+00:00\",\"dateModified\":\"2023-03-11T01:47:07+00:00\",\"breadcrumb\":{\"@id\":\"https:\/\/www.aws-anlagenbau.de\/wordpress\/stellenangebote\/#breadcrumb\"},\"inLanguage\":\"de\",\"potentialAction\":[{\"@type\":\"ReadAction\",\"target\":[\"https:\/\/www.aws-anlagenbau.de\/wordpress\/stellenangebote\/\"]}]},{\"@type\":\"BreadcrumbList\",\"@id\":\"https:\/\/www.aws-anlagenbau.de\/wordpress\/stellenangebote\/#breadcrumb\",\"itemListElement\":[{\"@type\":\"ListItem\",\"position\":1,\"name\":\"Startseite\",\"item\":\"https:\/\/www.aws-anlagenbau.de\/wordpress\/\"},{\"@type\":\"ListItem\",\"position\":2,\"name\":\"Stellenangebote\"}]},{\"@type\":\"WebSite\",\"@id\":\"https:\/\/www.aws-anlagenbau.de\/wordpress\/#website\",\"url\":\"https:\/\/www.aws-anlagenbau.de\/wordpress\/\",\"name\":\"AWS Anlagenbau GmbH\",\"description\":\"Pumpen- und Anlagenbau\",\"potentialAction\":[{\"@type\":\"SearchAction\",\"target\":{\"@type\":\"EntryPoint\",\"urlTemplate\":\"https:\/\/www.aws-anlagenbau.de\/wordpress\/?s={search_term_string}\"},\"query-input\":{\"@type\":\"PropertyValueSpecification\",\"valueRequired\":true,\"valueName\":\"search_term_string\"}}],\"inLanguage\":\"de\"}]}<\/script>\n<!-- \/ Yoast SEO plugin. -->","yoast_head_json":{"title":"Stellenangebote - AWS Anlagenbau GmbH","robots":{"index":"index","follow":"follow","max-snippet":"max-snippet:-1","max-image-preview":"max-image-preview:large","max-video-preview":"max-video-preview:-1"},"canonical":"https:\/\/www.aws-anlagenbau.de\/wordpress\/stellenangebote\/","og_locale":"de_DE","og_type":"article","og_title":"Stellenangebote - AWS Anlagenbau GmbH","og_url":"https:\/\/www.aws-anlagenbau.de\/wordpress\/stellenangebote\/","og_site_name":"AWS Anlagenbau GmbH","article_modified_time":"2023-03-11T01:47:07+00:00","twitter_card":"summary_large_image","twitter_misc":{"Gesch\u00e4tzte Lesezeit":"2\u00a0Minuten"},"schema":{"@context":"https:\/\/schema.org","@graph":[{"@type":"WebPage","@id":"https:\/\/www.aws-anlagenbau.de\/wordpress\/stellenangebote\/","url":"https:\/\/www.aws-anlagenbau.de\/wordpress\/stellenangebote\/","name":"Stellenangebote - AWS Anlagenbau GmbH","isPartOf":{"@id":"https:\/\/www.aws-anlagenbau.de\/wordpress\/#website"},"datePublished":"2018-04-13T13:06:54+00:00","dateModified":"2023-03-11T01:47:07+00:00","breadcrumb":{"@id":"https:\/\/www.aws-anlagenbau.de\/wordpress\/stellenangebote\/#breadcrumb"},"inLanguage":"de","potentialAction":[{"@type":"ReadAction","target":["https:\/\/www.aws-anlagenbau.de\/wordpress\/stellenangebote\/"]}]},{"@type":"BreadcrumbList","@id":"https:\/\/www.aws-anlagenbau.de\/wordpress\/stellenangebote\/#breadcrumb","itemListElement":[{"@type":"ListItem","position":1,"name":"Startseite","item":"https:\/\/www.aws-anlagenbau.de\/wordpress\/"},{"@type":"ListItem","position":2,"name":"Stellenangebote"}]},{"@type":"WebSite","@id":"https:\/\/www.aws-anlagenbau.de\/wordpress\/#website","url":"https:\/\/www.aws-anlagenbau.de\/wordpress\/","name":"AWS Anlagenbau GmbH","description":"Pumpen- und Anlagenbau","potentialAction":[{"@type":"SearchAction","target":{"@type":"EntryPoint","urlTemplate":"https:\/\/www.aws-anlagenbau.de\/wordpress\/?s={search_term_string}"},"query-input":{"@type":"PropertyValueSpecification","valueRequired":true,"valueName":"search_term_string"}}],"inLanguage":"de"}]}},"_links":{"self":[{"href":"https:\/\/www.aws-anlagenbau.de\/wordpress\/wp-json\/wp\/v2\/pages\/94"}],"collection":[{"href":"https:\/\/www.aws-anlagenbau.de\/wordpress\/wp-json\/wp\/v2\/pages"}],"about":[{"href":"https:\/\/www.aws-anlagenbau.de\/wordpress\/wp-json\/wp\/v2\/types\/page"}],"author":[{"embeddable":true,"href":"https:\/\/www.aws-anlagenbau.de\/wordpress\/wp-json\/wp\/v2\/users\/1"}],"replies":[{"embeddable":true,"href":"https:\/\/www.aws-anlagenbau.de\/wordpress\/wp-json\/wp\/v2\/comments?post=94"}],"version-history":[{"count":3,"href":"https:\/\/www.aws-anlagenbau.de\/wordpress\/wp-json\/wp\/v2\/pages\/94\/revisions"}],"predecessor-version":[{"id":205,"href":"https:\/\/www.aws-anlagenbau.de\/wordpress\/wp-json\/wp\/v2\/pages\/94\/revisions\/205"}],"wp:attachment":[{"href":"https:\/\/www.aws-anlagenbau.de\/wordpress\/wp-json\/wp\/v2\/media?parent=94"}],"curies":[{"name":"wp","href":"https:\/\/api.w.org\/{rel}","templated":true}]}}