{"id":4,"date":"2017-02-06T13:16:38","date_gmt":"2017-02-06T12:16:38","guid":{"rendered":"http:\/\/www.aws-anlagenbau.de\/wordpress\/?page_id=4"},"modified":"2023-03-11T02:30:22","modified_gmt":"2023-03-11T01:30:22","slug":"home","status":"publish","type":"page","link":"https:\/\/www.aws-anlagenbau.de\/wordpress\/","title":{"rendered":"Home"},"content":{"rendered":"<div class=\"fusion-fullwidth fullwidth-box fusion-builder-row-1 fusion-flex-container nonhundred-percent-fullwidth non-hundred-percent-height-scrolling\" style=\"--awb-border-radius-top-left:0px;--awb-border-radius-top-right:0px;--awb-border-radius-bottom-right:0px;--awb-border-radius-bottom-left:0px;--awb-flex-wrap:wrap;\" ><div class=\"fusion-builder-row fusion-row fusion-flex-align-items-flex-start fusion-flex-content-wrap\" style=\"max-width:1144px;margin-left: calc(-4% \/ 2 );margin-right: calc(-4% \/ 2 );\"><div class=\"fusion-layout-column fusion_builder_column fusion-builder-column-0 fusion_builder_column_1_1 1_1 fusion-flex-column\" style=\"--awb-bg-size:cover;--awb-width-large:100%;--awb-margin-top-large:0px;--awb-spacing-right-large:1.92%;--awb-margin-bottom-large:0px;--awb-spacing-left-large:1.92%;--awb-width-medium:100%;--awb-spacing-right-medium:1.92%;--awb-spacing-left-medium:1.92%;--awb-width-small:100%;--awb-spacing-right-small:1.92%;--awb-spacing-left-small:1.92%;\"><div class=\"fusion-column-wrapper fusion-flex-justify-content-flex-start fusion-content-layout-column\"><div class=\"fusion-text fusion-text-1 fusion-text-no-margin\" style=\"--awb-margin-bottom:20px;\"><h2 style=\"text-align: center;\">Wir freuen uns \u00fcber Ihr Interesse an unserem Unternehmen.<\/h2>\n<\/div><div class=\"fusion-text fusion-text-2\"><p><strong>AWS Pumpen- und Anlagenbau<\/strong> ist ein am Standort Rostock gewachsenes, mittelst\u00e4ndisches Unternehmen mit einer <strong>gro\u00dfen Palette unterschiedlicher Dienstleistungen und Produkte<\/strong>. Wir realisieren<strong> anspruchsvolle L\u00f6sungen<\/strong> f\u00fcr den Stahl-, Edelstahl- und Metallbau, sowie im Bereich Anlagensicherung und Pumpwerke. Diese werden stets mit den speziellen Kundenw\u00fcnschen abgestimmt.<\/p>\n<p>Neben den Arbeiten in unserer eigenen Produktion setzen wir ebenfalls <strong>komplette Montage- und Wartungsauftr\u00e4ge<\/strong> um und scheuen dabei keine Distanzen, die uns an weit entfernte Ecken dieser Welt f\u00fchren. Mit nunmehr 18 Mitarbeitern sind wir stolz, Effektivit\u00e4t und Flexibilit\u00e4t als unsere besonderen St\u00e4rken immer wieder unter Beweis stellen zu k\u00f6nnen. Ein Gro\u00dfteil der von uns gelieferten Artikel wird kundenspezifisch angefertigt und ist <strong>in keinem Standardsortiment zu finden<\/strong>.<\/p>\n<p>Die permanente Modernisierung und Anpassung der Konstruktions- und Fertigungsausstattung ist der Garant f\u00fcr ein <strong>H\u00f6chstma\u00df an Flexibilit\u00e4t und Effizienz<\/strong>. Nur so gelingt es, die Produktionskosten selbst mit hochqualifizierten Fachkr\u00e4ften im Griff zu behalten.<\/p>\n<p><strong>Sie als Kunde profitieren dabei von schnellen sowie kosteng\u00fcnstigen L\u00f6sungen.<\/strong><\/p>\n<p>Durch Einsatz modernster Technik und rechnergest\u00fctzten Brennschneidanlagen garantieren wir eine gleichbleibend hohe Qualit\u00e4t aller Produkte. Nehmen Sie Kontakt mit uns auf und pr\u00fcfen Sie uns und unsere Produkte. Wir freuen uns auf Sie!<\/p>\n<p style=\"text-align: justify;\">Ihr AWS-Team<\/p>\n<\/div><\/div><\/div><\/div><\/div>\n","protected":false},"excerpt":{"rendered":"","protected":false},"author":1,"featured_media":0,"parent":0,"menu_order":0,"comment_status":"closed","ping_status":"closed","template":"","meta":{"footnotes":""},"yoast_head":"<!-- This site is optimized with the Yoast SEO plugin v23.5 - https:\/\/yoast.com\/wordpress\/plugins\/seo\/ -->\n<title>Home - AWS Anlagenbau GmbH<\/title>\n<meta name=\"robots\" content=\"index, follow, max-snippet:-1, max-image-preview:large, max-video-preview:-1\" \/>\n<link rel=\"canonical\" href=\"https:\/\/www.aws-anlagenbau.de\/wordpress\/\" \/>\n<meta property=\"og:locale\" content=\"de_DE\" \/>\n<meta property=\"og:type\" content=\"article\" \/>\n<meta property=\"og:title\" content=\"Home - AWS Anlagenbau GmbH\" \/>\n<meta property=\"og:url\" content=\"https:\/\/www.aws-anlagenbau.de\/wordpress\/\" \/>\n<meta property=\"og:site_name\" content=\"AWS Anlagenbau GmbH\" \/>\n<meta property=\"article:modified_time\" content=\"2023-03-11T01:30:22+00:00\" \/>\n<meta name=\"twitter:card\" content=\"summary_large_image\" \/>\n<meta name=\"twitter:label1\" content=\"Gesch\u00e4tzte Lesezeit\" \/>\n\t<meta name=\"twitter:data1\" content=\"2\u00a0Minuten\" \/>\n<script type=\"application\/ld+json\" class=\"yoast-schema-graph\">{\"@context\":\"https:\/\/schema.org\",\"@graph\":[{\"@type\":\"WebPage\",\"@id\":\"https:\/\/www.aws-anlagenbau.de\/wordpress\/\",\"url\":\"https:\/\/www.aws-anlagenbau.de\/wordpress\/\",\"name\":\"Home - AWS Anlagenbau GmbH\",\"isPartOf\":{\"@id\":\"https:\/\/www.aws-anlagenbau.de\/wordpress\/#website\"},\"datePublished\":\"2017-02-06T12:16:38+00:00\",\"dateModified\":\"2023-03-11T01:30:22+00:00\",\"breadcrumb\":{\"@id\":\"https:\/\/www.aws-anlagenbau.de\/wordpress\/#breadcrumb\"},\"inLanguage\":\"de\",\"potentialAction\":[{\"@type\":\"ReadAction\",\"target\":[\"https:\/\/www.aws-anlagenbau.de\/wordpress\/\"]}]},{\"@type\":\"BreadcrumbList\",\"@id\":\"https:\/\/www.aws-anlagenbau.de\/wordpress\/#breadcrumb\",\"itemListElement\":[{\"@type\":\"ListItem\",\"position\":1,\"name\":\"Startseite\",\"item\":\"https:\/\/www.aws-anlagenbau.de\/wordpress\/\"},{\"@type\":\"ListItem\",\"position\":2,\"name\":\"Home\"}]},{\"@type\":\"WebSite\",\"@id\":\"https:\/\/www.aws-anlagenbau.de\/wordpress\/#website\",\"url\":\"https:\/\/www.aws-anlagenbau.de\/wordpress\/\",\"name\":\"AWS Anlagenbau GmbH\",\"description\":\"Pumpen- und Anlagenbau\",\"potentialAction\":[{\"@type\":\"SearchAction\",\"target\":{\"@type\":\"EntryPoint\",\"urlTemplate\":\"https:\/\/www.aws-anlagenbau.de\/wordpress\/?s={search_term_string}\"},\"query-input\":{\"@type\":\"PropertyValueSpecification\",\"valueRequired\":true,\"valueName\":\"search_term_string\"}}],\"inLanguage\":\"de\"}]}<\/script>\n<!-- \/ Yoast SEO plugin. -->","yoast_head_json":{"title":"Home - AWS Anlagenbau GmbH","robots":{"index":"index","follow":"follow","max-snippet":"max-snippet:-1","max-image-preview":"max-image-preview:large","max-video-preview":"max-video-preview:-1"},"canonical":"https:\/\/www.aws-anlagenbau.de\/wordpress\/","og_locale":"de_DE","og_type":"article","og_title":"Home - AWS Anlagenbau GmbH","og_url":"https:\/\/www.aws-anlagenbau.de\/wordpress\/","og_site_name":"AWS Anlagenbau GmbH","article_modified_time":"2023-03-11T01:30:22+00:00","twitter_card":"summary_large_image","twitter_misc":{"Gesch\u00e4tzte Lesezeit":"2\u00a0Minuten"},"schema":{"@context":"https:\/\/schema.org","@graph":[{"@type":"WebPage","@id":"https:\/\/www.aws-anlagenbau.de\/wordpress\/","url":"https:\/\/www.aws-anlagenbau.de\/wordpress\/","name":"Home - AWS Anlagenbau GmbH","isPartOf":{"@id":"https:\/\/www.aws-anlagenbau.de\/wordpress\/#website"},"datePublished":"2017-02-06T12:16:38+00:00","dateModified":"2023-03-11T01:30:22+00:00","breadcrumb":{"@id":"https:\/\/www.aws-anlagenbau.de\/wordpress\/#breadcrumb"},"inLanguage":"de","potentialAction":[{"@type":"ReadAction","target":["https:\/\/www.aws-anlagenbau.de\/wordpress\/"]}]},{"@type":"BreadcrumbList","@id":"https:\/\/www.aws-anlagenbau.de\/wordpress\/#breadcrumb","itemListElement":[{"@type":"ListItem","position":1,"name":"Startseite","item":"https:\/\/www.aws-anlagenbau.de\/wordpress\/"},{"@type":"ListItem","position":2,"name":"Home"}]},{"@type":"WebSite","@id":"https:\/\/www.aws-anlagenbau.de\/wordpress\/#website","url":"https:\/\/www.aws-anlagenbau.de\/wordpress\/","name":"AWS Anlagenbau GmbH","description":"Pumpen- und Anlagenbau","potentialAction":[{"@type":"SearchAction","target":{"@type":"EntryPoint","urlTemplate":"https:\/\/www.aws-anlagenbau.de\/wordpress\/?s={search_term_string}"},"query-input":{"@type":"PropertyValueSpecification","valueRequired":true,"valueName":"search_term_string"}}],"inLanguage":"de"}]}},"_links":{"self":[{"href":"https:\/\/www.aws-anlagenbau.de\/wordpress\/wp-json\/wp\/v2\/pages\/4"}],"collection":[{"href":"https:\/\/www.aws-anlagenbau.de\/wordpress\/wp-json\/wp\/v2\/pages"}],"about":[{"href":"https:\/\/www.aws-anlagenbau.de\/wordpress\/wp-json\/wp\/v2\/types\/page"}],"author":[{"embeddable":true,"href":"https:\/\/www.aws-anlagenbau.de\/wordpress\/wp-json\/wp\/v2\/users\/1"}],"replies":[{"embeddable":true,"href":"https:\/\/www.aws-anlagenbau.de\/wordpress\/wp-json\/wp\/v2\/comments?post=4"}],"version-history":[{"count":2,"href":"https:\/\/www.aws-anlagenbau.de\/wordpress\/wp-json\/wp\/v2\/pages\/4\/revisions"}],"predecessor-version":[{"id":199,"href":"https:\/\/www.aws-anlagenbau.de\/wordpress\/wp-json\/wp\/v2\/pages\/4\/revisions\/199"}],"wp:attachment":[{"href":"https:\/\/www.aws-anlagenbau.de\/wordpress\/wp-json\/wp\/v2\/media?parent=4"}],"curies":[{"name":"wp","href":"https:\/\/api.w.org\/{rel}","templated":true}]}}